{"id":11012,"date":"2023-03-14T16:00:14","date_gmt":"2023-03-14T13:00:14","guid":{"rendered":"https:\/\/karambalaj.com.tr\/?page_id=11012"},"modified":"2023-09-27T11:56:31","modified_gmt":"2023-09-27T08:56:31","slug":"tasarim-destegi","status":"publish","type":"page","link":"https:\/\/karambalaj.com.tr\/index.php\/tasarim-destegi\/","title":{"rendered":"Tasar\u0131m Deste\u011fi"},"content":{"rendered":"\t\t<div data-elementor-type=\"wp-post\" data-elementor-id=\"11012\" class=\"elementor elementor-11012\">\n\t\t\t\t\t\t\t\t\t<section class=\"elementor-section elementor-top-section elementor-element elementor-element-122c9186 elementor-section-boxed elementor-section-height-default elementor-section-height-default arrow_1_x_top arrow_1_y_left arrow_2_x_bottom arrow_2_y_right\" data-id=\"122c9186\" data-element_type=\"section\">\n\t\t\t\t\t\t<div class=\"elementor-container elementor-column-gap-default\">\n\t\t\t\t\t<div class=\"elementor-column elementor-col-50 elementor-top-column elementor-element elementor-element-3b66c328 top column-style-top\" data-id=\"3b66c328\" data-element_type=\"column\">\n\t\t\t<div class=\"elementor-widget-wrap elementor-element-populated\">\n\t\t\t\t\t\t\t\t<div class=\"elementor-element elementor-element-6ad503e elementor-widget elementor-widget-image\" data-id=\"6ad503e\" data-element_type=\"widget\" data-widget_type=\"image.default\">\n\t\t\t\t<div class=\"elementor-widget-container\">\n\t\t\t<style>\/*! elementor - v3.10.1 - 17-01-2023 *\/\n.elementor-widget-image{text-align:center}.elementor-widget-image a{display:inline-block}.elementor-widget-image a img[src$=\".svg\"]{width:48px}.elementor-widget-image img{vertical-align:middle;display:inline-block}<\/style>\t\t\t\t\t\t\t\t\t\t\t\t<img loading=\"lazy\" decoding=\"async\" width=\"671\" height=\"450\" src=\"https:\/\/karambalaj.com.tr\/wp-content\/uploads\/2023\/03\/acc0f22d1e5fb2ec25ba80acb904ba92j.jpg\" class=\"attachment-full size-full wp-image-11013\" alt=\"\" srcset=\"https:\/\/karambalaj.com.tr\/wp-content\/uploads\/2023\/03\/acc0f22d1e5fb2ec25ba80acb904ba92j.jpg 671w, https:\/\/karambalaj.com.tr\/wp-content\/uploads\/2023\/03\/acc0f22d1e5fb2ec25ba80acb904ba92j-600x402.jpg 600w\" sizes=\"auto, (max-width: 671px) 100vw, 671px\" \/>\t\t\t\t\t\t\t\t\t\t\t\t\t\t\t<\/div>\n\t\t\t\t<\/div>\n\t\t\t\t\t<\/div>\n\t\t<\/div>\n\t\t\t\t<div class=\"elementor-column elementor-col-50 elementor-top-column elementor-element elementor-element-7e025ffe top column-style-top\" data-id=\"7e025ffe\" data-element_type=\"column\">\n\t\t\t<div class=\"elementor-widget-wrap elementor-element-populated\">\n\t\t\t\t\t\t\t\t<section class=\"elementor-section elementor-inner-section elementor-element elementor-element-58c7c361 elementor-section-boxed elementor-section-height-default elementor-section-height-default\" data-id=\"58c7c361\" data-element_type=\"section\">\n\t\t\t\t\t\t<div class=\"elementor-container elementor-column-gap-default\">\n\t\t\t\t\t<div class=\"elementor-column elementor-col-100 elementor-inner-column elementor-element elementor-element-aa38f7d top column-style-top\" data-id=\"aa38f7d\" data-element_type=\"column\">\n\t\t\t<div class=\"elementor-widget-wrap elementor-element-populated\">\n\t\t\t\t\t\t\t\t<div class=\"elementor-element elementor-element-5cb99a0a elementor-widget elementor-widget-gva-text-arrow\" data-id=\"5cb99a0a\" data-element_type=\"widget\" data-widget_type=\"gva-text-arrow.default\">\n\t\t\t\t<div class=\"elementor-widget-container\">\n\t\t\t<div class=\"gva-element-gva-text-arrow gva-element\">\r\n<div class=\"gva-text-arrow style-1\">\r\n   <div class=\"content-inner\">\r\n      <h3 class=\"title\">\r\n                     <i aria-hidden=\"true\" class=\"icon fas fa-chevron-right\"><\/i>            <span>Tasar\u0131m Deste\u011fi <\/span>\r\n                <\/h3>\r\n               <div class=\"descrption\">Tasar\u0131m deste\u011fi firma olarak sundu\u011fumuz hizmetler aras\u0131nda yer al\u0131r. M\u00fc\u015fterilerimize sundu\u011fumuz her bir imkan daha iyi hizmet alabilmelerine odaklan\u0131yor. Bu do\u011frultuda sadece bask\u0131 s\u00fcre\u00e7leri ile ilgilenmiyor ayn\u0131 zamanda tasar\u0131m deste\u011fi de sunuyoruz. \nFirmam\u0131z ile ileti\u015fime ge\u00e7erek tasar\u0131m deste\u011fi hizmetimizden k\u0131sa s\u00fcre i\u00e7erisinde yararlanabilirsiniz. \u00d6zelle\u015ftirilmi\u015f hizmet almak isteyen herkes y\u00fcksek standartlar i\u00e7eren tasar\u0131m deste\u011fi hizmetimizden kolayl\u0131kla faydalanabilir.\n<\/div>\r\n         <\/div>   \r\n<\/div>\r\n<\/div>\t\t<\/div>\n\t\t\t\t<\/div>\n\t\t\t\t\t<\/div>\n\t\t<\/div>\n\t\t\t\t\t\t\t<\/div>\n\t\t<\/section>\n\t\t\t\t\t<\/div>\n\t\t<\/div>\n\t\t\t\t\t\t\t<\/div>\n\t\t<\/section>\n\t\t\t\t<section class=\"elementor-section elementor-top-section elementor-element elementor-element-d3bf769 elementor-section-boxed elementor-section-height-default elementor-section-height-default\" data-id=\"d3bf769\" data-element_type=\"section\">\n\t\t\t\t\t\t<div class=\"elementor-container elementor-column-gap-default\">\n\t\t\t\t\t<div class=\"elementor-column elementor-col-100 elementor-top-column elementor-element elementor-element-1100aaa top column-style-top\" data-id=\"1100aaa\" data-element_type=\"column\">\n\t\t\t<div class=\"elementor-widget-wrap elementor-element-populated\">\n\t\t\t\t\t\t\t\t<div class=\"elementor-element elementor-element-695be09 elementor-widget elementor-widget-text-editor\" data-id=\"695be09\" data-element_type=\"widget\" data-widget_type=\"text-editor.default\">\n\t\t\t\t<div class=\"elementor-widget-container\">\n\t\t\t<style>\/*! elementor - v3.10.1 - 17-01-2023 *\/\n.elementor-widget-text-editor.elementor-drop-cap-view-stacked .elementor-drop-cap{background-color:#818a91;color:#fff}.elementor-widget-text-editor.elementor-drop-cap-view-framed .elementor-drop-cap{color:#818a91;border:3px solid;background-color:transparent}.elementor-widget-text-editor:not(.elementor-drop-cap-view-default) .elementor-drop-cap{margin-top:8px}.elementor-widget-text-editor:not(.elementor-drop-cap-view-default) .elementor-drop-cap-letter{width:1em;height:1em}.elementor-widget-text-editor .elementor-drop-cap{float:left;text-align:center;line-height:1;font-size:50px}.elementor-widget-text-editor .elementor-drop-cap-letter{display:inline-block}<\/style>\t\t\t\t<p><strong>Tasar\u0131m Deste\u011fi Hizmeti<\/strong><\/p><p>Tasar\u0131m deste\u011fi hizmetimiz ile k\u0131sa s\u00fcre i\u00e7erisinde tasar\u0131m noktas\u0131nda karars\u0131zl\u0131k ya\u015fayan herkese destek oluyoruz. Hizmetimizden yararlanmak i\u00e7in uzmanlar\u0131m\u0131zla g\u00f6r\u00fc\u015fmeniz yeterli. Tasar\u0131m s\u00fcrecinde m\u00fc\u015fterilerimizin ihtiya\u00e7lar\u0131ndan yola \u00e7\u0131k\u0131yor ve beklentilerini kar\u015f\u0131lamak i\u00e7in en iyi imkanlar\u0131m\u0131z\u0131 kullan\u0131yoruz.<\/p><p>M\u00fc\u015fterilerimize daha iyi bir deneyim sunmak i\u00e7in ihtiya\u00e7lar\u0131n\u0131 yak\u0131ndan takip ediyoruz. M\u00fc\u015fteri memnuniyeti odakl\u0131 \u00e7al\u0131\u015fan firmam\u0131z, <strong>tasar\u0131m deste\u011fi hizmeti<\/strong>miz ile bask\u0131 \u00f6ncesinde ve bask\u0131 sonras\u0131nda destekler sunmaya devam etmekte.<\/p><p><strong>Tasar\u0131m Deste\u011fi Nedir? <\/strong><\/p><p>\u00d6zelle\u015ftirilmi\u015f hizmet anlay\u0131\u015f\u0131m\u0131z kapsam\u0131nda d\u00fczenledi\u011fimiz tasarruflu deste\u011fi hizmetimiz herkese a\u00e7\u0131kt\u0131r. Uzmanlar\u0131m\u0131z taraf\u0131ndan d\u00fczenlenen tasar\u0131m deste\u011fi hizmetimizden yararlanma. Ki\u015finin sadece uzmanlar\u0131m\u0131z ile g\u00f6r\u00fc\u015f\u00fclmesi yeterlidir. Bask\u0131 \u00f6ncesinde ya da bask\u0131 sonras\u0131nda tasar\u0131m deste\u011fi hizmetimizden yararlan\u0131labilir. Sadece tasar\u0131m deste\u011fi hizmetimizden yararlanmak isteyenler i\u00e7in de profesyonel imkanlar\u0131m\u0131z bulunmaktad\u0131r.<\/p><p>Uzun zamand\u0131r sekt\u00f6rde yer alan bir firma olarak uzmanlar ile \u00e7al\u0131\u015fmaya \u00f6zen g\u00f6steriyoruz. Bu do\u011frultuda ise haz\u0131rlad\u0131\u011f\u0131m\u0131z her bir tasar\u0131m mutlaka farkl\u0131 uzmanlar uzun bulunur. Uzmanlar\u0131m\u0131zdan ald\u0131\u011f\u0131m\u0131z destekle m\u00fc\u015fterilerimize en iyi kalitede hizmet verebiliyoruz. Hem bask\u0131 s\u00fcrecinde hem de tasar\u0131m s\u00fcrecinde herhangi bir sorunla kar\u015f\u0131la\u015fmamak ve beklentilerinizi kar\u015f\u0131layabilmek ad\u0131na Kar Ambalaj ekiplerimiz ile ileti\u015fime ge\u00e7ebilirsiniz.<\/p><p><strong>Tasar\u0131m Deste\u011fi Avantajlar\u0131 Nelerdir?<\/strong><\/p><p><strong>Tasar\u0131m deste\u011fi <\/strong>hizmetimizin farkl\u0131 avantajlar\u0131 vard\u0131r. B\u00fct\u00fcn m\u00fc\u015fterilerimize sa\u011flad\u0131\u011f\u0131m\u0131z tasar\u0131m deste\u011fi hizmetimiz farkl\u0131 kararlar\u0131yla kar\u015f\u0131la\u015fmak m\u00fcmk\u00fcnd\u00fcr. Hizmetimiz sayesinde m\u00fc\u015fterilerimiz bask\u0131 \u00f6ncesine karars\u0131z kald\u0131klar\u0131n\u0131 ya da geli\u015ftirmeleri gereken tasar\u0131m noktalar\u0131ndan uzmanlar\u0131m\u0131zdan destek alabiliyor.<\/p><p>Bask\u0131 \u00f6ncesinde profesyonel ki\u015filerden tasar\u0131m deste\u011fi al\u0131nmas\u0131, bask\u0131n\u0131n daha kaliteli ve y\u00fczeye daha uygun olmas\u0131na sebep oluyor. Tasar\u0131m deste\u011fi hizmetimizin avantajlar\u0131 aras\u0131nda m\u00fc\u015fterilerimizin kaliteli \u00fcr\u00fcnler ve tasar\u0131mlar ile desteklenmesi yer al\u0131yor. Alan\u0131nda uzman <strong>teknik tasar\u0131m ekibi<\/strong>mizin ve ambalaj\u0131 \u00f6zel olarak planl\u0131yor ve tasarl\u0131yoruz.<\/p><p><strong>Tasar\u0131m Deste\u011fi ile \u00d6zelle\u015ftirilmi\u015f Hizmet Kalitesi <\/strong><\/p><p>Tasar\u0131m deste\u011fi hizmetimizin avantajlar\u0131ndan biri de \u00f6zelle\u015ftirilmi\u015f hizmet verebilmek. \u00d6zelle\u015ftirilmi\u015f hizmetlerimiz ihtiyaca sekt\u00f6re amaca, \u00fcr\u00fcne y\u00f6nelik \u00f6zelle\u015ftirmeleri i\u00e7ermektedir. Tasar\u0131m esnas\u0131nda \u00e7al\u0131\u015ft\u0131\u011f\u0131m\u0131z uzman, grafik tasar\u0131m ekibimiz ve teknik tasar\u0131m ekibimiz taraf\u0131ndan m\u00fc\u015fterilerimizin beklentilerine uygun olarak \u00f6zelle\u015ftirmeler yap\u0131l\u0131r. En ince detaylar\u0131n dahi d\u00fc\u015f\u00fcn\u00fcld\u00fc\u011f\u00fc ve hi\u00e7bir unsur g\u00f6z ard\u0131 edilmedi\u011fi tasar\u0131m s\u00fcrecimizden herkes y\u00fcksek verim alabilir.<\/p><p><strong>Tasar\u0131m Deste\u011fi ile Hatalar\u0131n \u00d6n\u00fcne Ge\u00e7in! <\/strong><\/p><p>Tasar\u0131m deste\u011fi hizmetimiz ile hatalar\u0131n \u00f6n\u00fcne ge\u00e7mek m\u00fcmk\u00fcn. <strong>Tasar\u0131m \u00f6ncesi<\/strong>nde yap\u0131lan incelemelerinin ard\u0131ndan uzmanlar\u0131m\u0131z s\u0131rt\u0131ndan tasar\u0131mlar haz\u0131rlan\u0131r. Beklentiye ve ihtiyaca uygun olarak haz\u0131rlanan tasar\u0131mlar, bask\u0131 esnas\u0131nda herhangi bir sorun ya\u015fanmas\u0131n\u0131n da \u00f6n\u00fcne ge\u00e7er.<\/p><p>Sundu\u011fumuz hizmet profesyonel ko\u015fullardan olu\u015fur. Bu sebeple de b\u00fct\u00fcn hatalar\u0131n \u00f6n\u00fcne ge\u00e7mek ve risk analizi yapmak i\u00e7in de tasar\u0131m uzmanlar sebepten haz\u0131rlanmas\u0131 \u00f6nemlidir. Bask\u0131 esnas\u0131nda b\u00fct\u00fcn detaylar kontrol edilir ve <strong>bask\u0131 s\u00fcreci<\/strong> herhangi bir problem g\u00f6r\u00fclmedi\u011fi takdirde ba\u015flat\u0131l\u0131r.<\/p><p><strong>Tasar\u0131m Deste\u011finde Y\u00fcksek M\u00fc\u015fteri Memnuniyet Oran\u0131 <\/strong><\/p><p>Tasar\u0131m deste\u011finizle yeni d\u00f6nemden ve yeni \u00f6zelliklerden faydalanman\u0131z m\u00fcmk\u00fcn. M\u00fc\u015fterilerimiz profesyonel \u00e7al\u0131\u015fma standartlar\u0131m\u0131z dan yararlan\u0131rken, bir yandan da tecr\u00fcbeli ekibimizin \u00e7al\u0131\u015fmalar\u0131na dahil olabilirler.<\/p><p><strong>Tasar\u0131m deste\u011fi<\/strong> sunan grafik tasar\u0131m ekibimiz taraf\u0131ndan m\u00fc\u015fteri memnuniyeti \u00f6nemsenmekte ve en uygun tasar\u0131m ger\u00e7ekle\u015ftirilmektedir. Tasar\u0131m \u00f6ncesi ve sonras\u0131 revizeler ile bask\u0131ya en uygun ambalaj tasar\u0131m\u0131n\u0131n yap\u0131lmas\u0131 bir hayli kolayd\u0131r.<\/p>\t\t\t\t\t\t<\/div>\n\t\t\t\t<\/div>\n\t\t\t\t\t<\/div>\n\t\t<\/div>\n\t\t\t\t\t\t\t<\/div>\n\t\t<\/section>\n\t\t\t\t\t\t\t<\/div>\n\t\t","protected":false},"excerpt":{"rendered":"<p>Tasar\u0131m Deste\u011fi Tasar\u0131m deste\u011fi firma olarak sundu\u011fumuz hizmetler aras\u0131nda yer al\u0131r. M\u00fc\u015fterilerimize sundu\u011fumuz her bir imkan daha iyi hizmet alabilmelerine odaklan\u0131yor. Bu do\u011frultuda sadece bask\u0131 s\u00fcre\u00e7leri ile ilgilenmiyor ayn\u0131 zamanda tasar\u0131m deste\u011fi de sunuyoruz. Firmam\u0131z ile ileti\u015fime ge\u00e7erek tasar\u0131m deste\u011fi hizmetimizden k\u0131sa s\u00fcre i\u00e7erisinde yararlanabilirsiniz. \u00d6zelle\u015ftirilmi\u015f hizmet almak isteyen herkes y\u00fcksek standartlar i\u00e7eren tasar\u0131m deste\u011fi [&hellip;]<\/p>\n","protected":false},"author":1,"featured_media":0,"parent":0,"menu_order":0,"comment_status":"closed","ping_status":"closed","template":"","meta":{"footnotes":""},"class_list":["post-11012","page","type-page","status-publish","hentry"],"yoast_head":"<!-- This site is optimized with the Yoast SEO plugin v21.3 - https:\/\/yoast.com\/wordpress\/plugins\/seo\/ -->\n<title>Tasar\u0131m Deste\u011fi - Kar Ambalaj<\/title>\n<meta name=\"robots\" content=\"index, follow, max-snippet:-1, max-image-preview:large, max-video-preview:-1\" \/>\n<link rel=\"canonical\" href=\"https:\/\/karambalaj.com.tr\/index.php\/tasarim-destegi\/\" \/>\n<meta property=\"og:locale\" content=\"tr_TR\" \/>\n<meta property=\"og:type\" content=\"article\" \/>\n<meta property=\"og:title\" content=\"Tasar\u0131m Deste\u011fi - Kar Ambalaj\" \/>\n<meta property=\"og:description\" content=\"Tasar\u0131m Deste\u011fi Tasar\u0131m deste\u011fi firma olarak sundu\u011fumuz hizmetler aras\u0131nda yer al\u0131r. M\u00fc\u015fterilerimize sundu\u011fumuz her bir imkan daha iyi hizmet alabilmelerine odaklan\u0131yor. Bu do\u011frultuda sadece bask\u0131 s\u00fcre\u00e7leri ile ilgilenmiyor ayn\u0131 zamanda tasar\u0131m deste\u011fi de sunuyoruz. Firmam\u0131z ile ileti\u015fime ge\u00e7erek tasar\u0131m deste\u011fi hizmetimizden k\u0131sa s\u00fcre i\u00e7erisinde yararlanabilirsiniz. \u00d6zelle\u015ftirilmi\u015f hizmet almak isteyen herkes y\u00fcksek standartlar i\u00e7eren tasar\u0131m deste\u011fi [&hellip;]\" \/>\n<meta property=\"og:url\" content=\"https:\/\/karambalaj.com.tr\/index.php\/tasarim-destegi\/\" \/>\n<meta property=\"og:site_name\" content=\"Kar Ambalaj\" \/>\n<meta property=\"article:modified_time\" content=\"2023-09-27T08:56:31+00:00\" \/>\n<meta property=\"og:image\" content=\"https:\/\/karambalaj.com.tr\/wp-content\/uploads\/2023\/03\/acc0f22d1e5fb2ec25ba80acb904ba92j.jpg\" \/>\n<meta name=\"twitter:card\" content=\"summary_large_image\" \/>\n<meta name=\"twitter:label1\" content=\"Tahmini okuma s\u00fcresi\" \/>\n\t<meta name=\"twitter:data1\" content=\"4 dakika\" \/>\n<script type=\"application\/ld+json\" class=\"yoast-schema-graph\">{\"@context\":\"https:\/\/schema.org\",\"@graph\":[{\"@type\":\"WebPage\",\"@id\":\"https:\/\/karambalaj.com.tr\/index.php\/tasarim-destegi\/\",\"url\":\"https:\/\/karambalaj.com.tr\/index.php\/tasarim-destegi\/\",\"name\":\"Tasar\u0131m Deste\u011fi - Kar Ambalaj\",\"isPartOf\":{\"@id\":\"https:\/\/karambalaj.com.tr\/#website\"},\"datePublished\":\"2023-03-14T13:00:14+00:00\",\"dateModified\":\"2023-09-27T08:56:31+00:00\",\"breadcrumb\":{\"@id\":\"https:\/\/karambalaj.com.tr\/index.php\/tasarim-destegi\/#breadcrumb\"},\"inLanguage\":\"tr\",\"potentialAction\":[{\"@type\":\"ReadAction\",\"target\":[\"https:\/\/karambalaj.com.tr\/index.php\/tasarim-destegi\/\"]}]},{\"@type\":\"BreadcrumbList\",\"@id\":\"https:\/\/karambalaj.com.tr\/index.php\/tasarim-destegi\/#breadcrumb\",\"itemListElement\":[{\"@type\":\"ListItem\",\"position\":1,\"name\":\"Anasayfa\",\"item\":\"https:\/\/karambalaj.com.tr\/\"},{\"@type\":\"ListItem\",\"position\":2,\"name\":\"Tasar\u0131m Deste\u011fi\"}]},{\"@type\":\"WebSite\",\"@id\":\"https:\/\/karambalaj.com.tr\/#website\",\"url\":\"https:\/\/karambalaj.com.tr\/\",\"name\":\"Kar Ambalaj\",\"description\":\"\",\"potentialAction\":[{\"@type\":\"SearchAction\",\"target\":{\"@type\":\"EntryPoint\",\"urlTemplate\":\"https:\/\/karambalaj.com.tr\/?s={search_term_string}\"},\"query-input\":\"required name=search_term_string\"}],\"inLanguage\":\"tr\"}]}<\/script>\n<!-- \/ Yoast SEO plugin. -->","yoast_head_json":{"title":"Tasar\u0131m Deste\u011fi - Kar Ambalaj","robots":{"index":"index","follow":"follow","max-snippet":"max-snippet:-1","max-image-preview":"max-image-preview:large","max-video-preview":"max-video-preview:-1"},"canonical":"https:\/\/karambalaj.com.tr\/index.php\/tasarim-destegi\/","og_locale":"tr_TR","og_type":"article","og_title":"Tasar\u0131m Deste\u011fi - Kar Ambalaj","og_description":"Tasar\u0131m Deste\u011fi Tasar\u0131m deste\u011fi firma olarak sundu\u011fumuz hizmetler aras\u0131nda yer al\u0131r. M\u00fc\u015fterilerimize sundu\u011fumuz her bir imkan daha iyi hizmet alabilmelerine odaklan\u0131yor. Bu do\u011frultuda sadece bask\u0131 s\u00fcre\u00e7leri ile ilgilenmiyor ayn\u0131 zamanda tasar\u0131m deste\u011fi de sunuyoruz. Firmam\u0131z ile ileti\u015fime ge\u00e7erek tasar\u0131m deste\u011fi hizmetimizden k\u0131sa s\u00fcre i\u00e7erisinde yararlanabilirsiniz. \u00d6zelle\u015ftirilmi\u015f hizmet almak isteyen herkes y\u00fcksek standartlar i\u00e7eren tasar\u0131m deste\u011fi [&hellip;]","og_url":"https:\/\/karambalaj.com.tr\/index.php\/tasarim-destegi\/","og_site_name":"Kar Ambalaj","article_modified_time":"2023-09-27T08:56:31+00:00","og_image":[{"url":"https:\/\/karambalaj.com.tr\/wp-content\/uploads\/2023\/03\/acc0f22d1e5fb2ec25ba80acb904ba92j.jpg"}],"twitter_card":"summary_large_image","twitter_misc":{"Tahmini okuma s\u00fcresi":"4 dakika"},"schema":{"@context":"https:\/\/schema.org","@graph":[{"@type":"WebPage","@id":"https:\/\/karambalaj.com.tr\/index.php\/tasarim-destegi\/","url":"https:\/\/karambalaj.com.tr\/index.php\/tasarim-destegi\/","name":"Tasar\u0131m Deste\u011fi - Kar Ambalaj","isPartOf":{"@id":"https:\/\/karambalaj.com.tr\/#website"},"datePublished":"2023-03-14T13:00:14+00:00","dateModified":"2023-09-27T08:56:31+00:00","breadcrumb":{"@id":"https:\/\/karambalaj.com.tr\/index.php\/tasarim-destegi\/#breadcrumb"},"inLanguage":"tr","potentialAction":[{"@type":"ReadAction","target":["https:\/\/karambalaj.com.tr\/index.php\/tasarim-destegi\/"]}]},{"@type":"BreadcrumbList","@id":"https:\/\/karambalaj.com.tr\/index.php\/tasarim-destegi\/#breadcrumb","itemListElement":[{"@type":"ListItem","position":1,"name":"Anasayfa","item":"https:\/\/karambalaj.com.tr\/"},{"@type":"ListItem","position":2,"name":"Tasar\u0131m Deste\u011fi"}]},{"@type":"WebSite","@id":"https:\/\/karambalaj.com.tr\/#website","url":"https:\/\/karambalaj.com.tr\/","name":"Kar Ambalaj","description":"","potentialAction":[{"@type":"SearchAction","target":{"@type":"EntryPoint","urlTemplate":"https:\/\/karambalaj.com.tr\/?s={search_term_string}"},"query-input":"required name=search_term_string"}],"inLanguage":"tr"}]}},"_links":{"self":[{"href":"https:\/\/karambalaj.com.tr\/index.php\/wp-json\/wp\/v2\/pages\/11012","targetHints":{"allow":["GET"]}}],"collection":[{"href":"https:\/\/karambalaj.com.tr\/index.php\/wp-json\/wp\/v2\/pages"}],"about":[{"href":"https:\/\/karambalaj.com.tr\/index.php\/wp-json\/wp\/v2\/types\/page"}],"author":[{"embeddable":true,"href":"https:\/\/karambalaj.com.tr\/index.php\/wp-json\/wp\/v2\/users\/1"}],"replies":[{"embeddable":true,"href":"https:\/\/karambalaj.com.tr\/index.php\/wp-json\/wp\/v2\/comments?post=11012"}],"version-history":[{"count":5,"href":"https:\/\/karambalaj.com.tr\/index.php\/wp-json\/wp\/v2\/pages\/11012\/revisions"}],"predecessor-version":[{"id":11448,"href":"https:\/\/karambalaj.com.tr\/index.php\/wp-json\/wp\/v2\/pages\/11012\/revisions\/11448"}],"wp:attachment":[{"href":"https:\/\/karambalaj.com.tr\/index.php\/wp-json\/wp\/v2\/media?parent=11012"}],"curies":[{"name":"wp","href":"https:\/\/api.w.org\/{rel}","templated":true}]}}