{"id":11046,"date":"2023-03-29T04:13:46","date_gmt":"2023-03-29T01:13:46","guid":{"rendered":"https:\/\/karambalaj.com.tr\/?page_id=11046"},"modified":"2023-09-12T12:51:13","modified_gmt":"2023-09-12T09:51:13","slug":"haberler","status":"publish","type":"page","link":"https:\/\/karambalaj.com.tr\/index.php\/haberler\/","title":{"rendered":"Haberler"},"content":{"rendered":"\t\t<div data-elementor-type=\"wp-page\" data-elementor-id=\"11046\" class=\"elementor elementor-11046\">\n\t\t\t\t\t\t\t\t\t<section class=\"elementor-section elementor-top-section elementor-element elementor-element-adc65de elementor-section-boxed elementor-section-height-default elementor-section-height-default\" data-id=\"adc65de\" data-element_type=\"section\">\n\t\t\t\t\t\t<div class=\"elementor-container elementor-column-gap-default\">\n\t\t\t\t\t<div class=\"elementor-column elementor-col-100 elementor-top-column elementor-element elementor-element-474e27b top column-style-top\" data-id=\"474e27b\" data-element_type=\"column\">\n\t\t\t<div class=\"elementor-widget-wrap elementor-element-populated\">\n\t\t\t\t\t\t\t\t<div class=\"elementor-element elementor-element-a83bab2 elementor-widget elementor-widget-gva-posts\" data-id=\"a83bab2\" data-element_type=\"widget\" data-widget_type=\"gva-posts.default\">\n\t\t\t\t<div class=\"elementor-widget-container\">\n\t\t\t<div class=\"gva-element-gva-posts gva-element\">  \r\n  <div class=\"gva-posts-grid clearfix gva-posts\">\r\n      <div class=\"gva-content-items\"> \r\n        <div class=\"lg-block-grid-3 md-block-grid-3 sm-block-grid-2 xs-block-grid-1 xx-block-grid-1\">\r\n          \r\n<div class=\"all fuarlar  item-columns\">\r\n   <article id=\"post-11611\" class=\"post-11611 post type-post status-publish format-standard has-post-thumbnail hentry category-fuarlar\">\r\n      <div class=\"post-block post-style-1\">\r\n         <div class=\"post-thumbnail\">\r\n            <a href=\"https:\/\/karambalaj.com.tr\/index.php\/2024\/11\/21\/avrasya-ambalaj-istanbul-fuar-2024\/\">\r\n               <img loading=\"lazy\" decoding=\"async\" width=\"600\" height=\"455\" src=\"https:\/\/karambalaj.com.tr\/wp-content\/uploads\/2024\/11\/KAPAK2-600x455.jpg\" class=\"attachment-post-thumbnail size-post-thumbnail wp-post-image\" alt=\"AVRASYA AMBALAJ \u0130STANBUL FUAR 2024\" \/>            <\/a>   \r\n         <\/div>   \r\n\r\n         <div class=\"entry-content\">\r\n            <div class=\"content-inner\">\r\n               <div class=\"entry-meta\">\r\n                  \r\n    <div class=\"meta-inline\"><span class=\"entry-date\">21 Kas\u0131m 2024<\/span><span class=\"line\">-<\/span><span class=\"post-comment\">0 comments<\/span><\/div>               <\/div> \r\n               <h2 class=\"entry-title\"><a href=\"https:\/\/karambalaj.com.tr\/index.php\/2024\/11\/21\/avrasya-ambalaj-istanbul-fuar-2024\/\" rel=\"bookmark\">AVRASYA AMBALAJ \u0130STANBUL FUAR 2024<\/a><\/h2>\r\n            <\/div>\r\n         <\/div>\r\n      <\/div>   \r\n   <\/article>   \r\n<\/div>\r\n\r\n  \r\n<div class=\"all fuarlar  item-columns\">\r\n   <article id=\"post-11601\" class=\"post-11601 post type-post status-publish format-standard has-post-thumbnail hentry category-fuarlar\">\r\n      <div class=\"post-block post-style-1\">\r\n         <div class=\"post-thumbnail\">\r\n            <a href=\"https:\/\/karambalaj.com.tr\/index.php\/2024\/11\/21\/all4pack-paris\/\">\r\n               <img loading=\"lazy\" decoding=\"async\" width=\"600\" height=\"455\" src=\"https:\/\/karambalaj.com.tr\/wp-content\/uploads\/2024\/11\/KAPAK-600x455.jpg\" class=\"attachment-post-thumbnail size-post-thumbnail wp-post-image\" alt=\"ALL4PACK PARIS\" \/>            <\/a>   \r\n         <\/div>   \r\n\r\n         <div class=\"entry-content\">\r\n            <div class=\"content-inner\">\r\n               <div class=\"entry-meta\">\r\n                  \r\n    <div class=\"meta-inline\"><span class=\"entry-date\">21 Kas\u0131m 2024<\/span><span class=\"line\">-<\/span><span class=\"post-comment\">0 comments<\/span><\/div>               <\/div> \r\n               <h2 class=\"entry-title\"><a href=\"https:\/\/karambalaj.com.tr\/index.php\/2024\/11\/21\/all4pack-paris\/\" rel=\"bookmark\">ALL4PACK PARIS<\/a><\/h2>\r\n            <\/div>\r\n         <\/div>\r\n      <\/div>   \r\n   <\/article>   \r\n<\/div>\r\n\r\n  \r\n<div class=\"all fuarlar  item-columns\">\r\n   <article id=\"post-11545\" class=\"post-11545 post type-post status-publish format-standard has-post-thumbnail hentry category-fuarlar\">\r\n      <div class=\"post-block post-style-1\">\r\n         <div class=\"post-thumbnail\">\r\n            <a href=\"https:\/\/karambalaj.com.tr\/index.php\/2023\/10\/25\/kar-ambalaj-avrasya-ambalaj-fuari\/\">\r\n               <img loading=\"lazy\" decoding=\"async\" width=\"600\" height=\"455\" src=\"https:\/\/karambalaj.com.tr\/wp-content\/uploads\/2023\/10\/karambalajfuar-600x455.jpg\" class=\"attachment-post-thumbnail size-post-thumbnail wp-post-image\" alt=\"KAR AMBALAJ &#8211; AVRASYA AMBALAJ FUARI\" \/>            <\/a>   \r\n         <\/div>   \r\n\r\n         <div class=\"entry-content\">\r\n            <div class=\"content-inner\">\r\n               <div class=\"entry-meta\">\r\n                  \r\n    <div class=\"meta-inline\"><span class=\"entry-date\">25 Ekim 2023<\/span><span class=\"line\">-<\/span><span class=\"post-comment\">0 comments<\/span><\/div>               <\/div> \r\n               <h2 class=\"entry-title\"><a href=\"https:\/\/karambalaj.com.tr\/index.php\/2023\/10\/25\/kar-ambalaj-avrasya-ambalaj-fuari\/\" rel=\"bookmark\">KAR AMBALAJ &#8211; AVRASYA AMBALAJ FUARI<\/a><\/h2>\r\n            <\/div>\r\n         <\/div>\r\n      <\/div>   \r\n   <\/article>   \r\n<\/div>\r\n\r\n  \r\n<div class=\"all fuarlar  item-columns\">\r\n   <article id=\"post-11334\" class=\"post-11334 post type-post status-publish format-standard has-post-thumbnail hentry category-fuarlar\">\r\n      <div class=\"post-block post-style-1\">\r\n         <div class=\"post-thumbnail\">\r\n            <a href=\"https:\/\/karambalaj.com.tr\/index.php\/2023\/09\/11\/avrasya-ambalaj-istanbul-fuarindayiz\/\">\r\n               <img loading=\"lazy\" decoding=\"async\" width=\"600\" height=\"455\" src=\"https:\/\/karambalaj.com.tr\/wp-content\/uploads\/2023\/10\/avrasya-ambalaj-fuari11-600x455.jpg\" class=\"attachment-post-thumbnail size-post-thumbnail wp-post-image\" alt=\"AVRASYA AMBALAJ \u0130STANBUL FUARINDAYIZ!\" \/>            <\/a>   \r\n         <\/div>   \r\n\r\n         <div class=\"entry-content\">\r\n            <div class=\"content-inner\">\r\n               <div class=\"entry-meta\">\r\n                  \r\n    <div class=\"meta-inline\"><span class=\"entry-date\">11 Eyl\u00fcl 2023<\/span><span class=\"line\">-<\/span><span class=\"post-comment\">0 comments<\/span><\/div>               <\/div> \r\n               <h2 class=\"entry-title\"><a href=\"https:\/\/karambalaj.com.tr\/index.php\/2023\/09\/11\/avrasya-ambalaj-istanbul-fuarindayiz\/\" rel=\"bookmark\">AVRASYA AMBALAJ \u0130STANBUL FUARINDAYIZ!<\/a><\/h2>\r\n            <\/div>\r\n         <\/div>\r\n      <\/div>   \r\n   <\/article>   \r\n<\/div>\r\n\r\n  \r\n<div class=\"all fuarlar  item-columns\">\r\n   <article id=\"post-11425\" class=\"post-11425 post type-post status-publish format-standard has-post-thumbnail hentry category-fuarlar\">\r\n      <div class=\"post-block post-style-1\">\r\n         <div class=\"post-thumbnail\">\r\n            <a href=\"https:\/\/karambalaj.com.tr\/index.php\/2021\/09\/22\/2021-avrasya-ambalaj-fuari\/\">\r\n               <img loading=\"lazy\" decoding=\"async\" width=\"600\" height=\"455\" src=\"https:\/\/karambalaj.com.tr\/wp-content\/uploads\/2021\/09\/karambalajavrasya2021-600x455.jpg\" class=\"attachment-post-thumbnail size-post-thumbnail wp-post-image\" alt=\"2021 Avrasya Ambalaj Fuar\u0131\" \/>            <\/a>   \r\n         <\/div>   \r\n\r\n         <div class=\"entry-content\">\r\n            <div class=\"content-inner\">\r\n               <div class=\"entry-meta\">\r\n                  \r\n    <div class=\"meta-inline\"><span class=\"entry-date\">22 Eyl\u00fcl 2021<\/span><span class=\"line\">-<\/span><span class=\"post-comment\">0 comments<\/span><\/div>               <\/div> \r\n               <h2 class=\"entry-title\"><a href=\"https:\/\/karambalaj.com.tr\/index.php\/2021\/09\/22\/2021-avrasya-ambalaj-fuari\/\" rel=\"bookmark\">2021 Avrasya Ambalaj Fuar\u0131<\/a><\/h2>\r\n            <\/div>\r\n         <\/div>\r\n      <\/div>   \r\n   <\/article>   \r\n<\/div>\r\n\r\n          <\/div>\r\n      <\/div>\r\n                <div class=\"pagination\">\r\n                        <\/div>\r\n        <\/div>\r\n  <\/div>\t\t<\/div>\n\t\t\t\t<\/div>\n\t\t\t\t\t<\/div>\n\t\t<\/div>\n\t\t\t\t\t\t\t<\/div>\n\t\t<\/section>\n\t\t\t\t\t\t\t<\/div>\n\t\t","protected":false},"excerpt":{"rendered":"<p>29 Mart 2023-0 comments Kar Ambalaj 2023 Etkinlik Takvimi A\u00e7\u0131kland\u0131!<\/p>\n","protected":false},"author":1,"featured_media":0,"parent":0,"menu_order":0,"comment_status":"closed","ping_status":"closed","template":"","meta":{"footnotes":""},"class_list":["post-11046","page","type-page","status-publish","hentry"],"yoast_head":"<!-- This site is optimized with the Yoast SEO plugin v21.3 - https:\/\/yoast.com\/wordpress\/plugins\/seo\/ -->\n<title>Haberler - Kar Ambalaj<\/title>\n<meta name=\"robots\" content=\"index, follow, max-snippet:-1, max-image-preview:large, max-video-preview:-1\" \/>\n<link rel=\"canonical\" href=\"https:\/\/karambalaj.com.tr\/index.php\/haberler\/\" \/>\n<meta property=\"og:locale\" content=\"tr_TR\" \/>\n<meta property=\"og:type\" content=\"article\" \/>\n<meta property=\"og:title\" content=\"Haberler - Kar Ambalaj\" \/>\n<meta property=\"og:description\" content=\"29 Mart 2023-0 comments Kar Ambalaj 2023 Etkinlik Takvimi A\u00e7\u0131kland\u0131!\" \/>\n<meta property=\"og:url\" content=\"https:\/\/karambalaj.com.tr\/index.php\/haberler\/\" \/>\n<meta property=\"og:site_name\" content=\"Kar Ambalaj\" \/>\n<meta property=\"article:modified_time\" content=\"2023-09-12T09:51:13+00:00\" \/>\n<meta property=\"og:image\" content=\"https:\/\/karambalaj.com.tr\/wp-content\/uploads\/2017\/05\/kar3-600x455.jpg\" \/>\n<meta name=\"twitter:card\" content=\"summary_large_image\" \/>\n<script type=\"application\/ld+json\" class=\"yoast-schema-graph\">{\"@context\":\"https:\/\/schema.org\",\"@graph\":[{\"@type\":\"WebPage\",\"@id\":\"https:\/\/karambalaj.com.tr\/index.php\/haberler\/\",\"url\":\"https:\/\/karambalaj.com.tr\/index.php\/haberler\/\",\"name\":\"Haberler - Kar Ambalaj\",\"isPartOf\":{\"@id\":\"https:\/\/karambalaj.com.tr\/#website\"},\"datePublished\":\"2023-03-29T01:13:46+00:00\",\"dateModified\":\"2023-09-12T09:51:13+00:00\",\"breadcrumb\":{\"@id\":\"https:\/\/karambalaj.com.tr\/index.php\/haberler\/#breadcrumb\"},\"inLanguage\":\"tr\",\"potentialAction\":[{\"@type\":\"ReadAction\",\"target\":[\"https:\/\/karambalaj.com.tr\/index.php\/haberler\/\"]}]},{\"@type\":\"BreadcrumbList\",\"@id\":\"https:\/\/karambalaj.com.tr\/index.php\/haberler\/#breadcrumb\",\"itemListElement\":[{\"@type\":\"ListItem\",\"position\":1,\"name\":\"Anasayfa\",\"item\":\"https:\/\/karambalaj.com.tr\/\"},{\"@type\":\"ListItem\",\"position\":2,\"name\":\"Haberler\"}]},{\"@type\":\"WebSite\",\"@id\":\"https:\/\/karambalaj.com.tr\/#website\",\"url\":\"https:\/\/karambalaj.com.tr\/\",\"name\":\"Kar Ambalaj\",\"description\":\"\",\"potentialAction\":[{\"@type\":\"SearchAction\",\"target\":{\"@type\":\"EntryPoint\",\"urlTemplate\":\"https:\/\/karambalaj.com.tr\/?s={search_term_string}\"},\"query-input\":\"required name=search_term_string\"}],\"inLanguage\":\"tr\"}]}<\/script>\n<!-- \/ Yoast SEO plugin. -->","yoast_head_json":{"title":"Haberler - Kar Ambalaj","robots":{"index":"index","follow":"follow","max-snippet":"max-snippet:-1","max-image-preview":"max-image-preview:large","max-video-preview":"max-video-preview:-1"},"canonical":"https:\/\/karambalaj.com.tr\/index.php\/haberler\/","og_locale":"tr_TR","og_type":"article","og_title":"Haberler - Kar Ambalaj","og_description":"29 Mart 2023-0 comments Kar Ambalaj 2023 Etkinlik Takvimi A\u00e7\u0131kland\u0131!","og_url":"https:\/\/karambalaj.com.tr\/index.php\/haberler\/","og_site_name":"Kar Ambalaj","article_modified_time":"2023-09-12T09:51:13+00:00","og_image":[{"url":"https:\/\/karambalaj.com.tr\/wp-content\/uploads\/2017\/05\/kar3-600x455.jpg"}],"twitter_card":"summary_large_image","schema":{"@context":"https:\/\/schema.org","@graph":[{"@type":"WebPage","@id":"https:\/\/karambalaj.com.tr\/index.php\/haberler\/","url":"https:\/\/karambalaj.com.tr\/index.php\/haberler\/","name":"Haberler - Kar Ambalaj","isPartOf":{"@id":"https:\/\/karambalaj.com.tr\/#website"},"datePublished":"2023-03-29T01:13:46+00:00","dateModified":"2023-09-12T09:51:13+00:00","breadcrumb":{"@id":"https:\/\/karambalaj.com.tr\/index.php\/haberler\/#breadcrumb"},"inLanguage":"tr","potentialAction":[{"@type":"ReadAction","target":["https:\/\/karambalaj.com.tr\/index.php\/haberler\/"]}]},{"@type":"BreadcrumbList","@id":"https:\/\/karambalaj.com.tr\/index.php\/haberler\/#breadcrumb","itemListElement":[{"@type":"ListItem","position":1,"name":"Anasayfa","item":"https:\/\/karambalaj.com.tr\/"},{"@type":"ListItem","position":2,"name":"Haberler"}]},{"@type":"WebSite","@id":"https:\/\/karambalaj.com.tr\/#website","url":"https:\/\/karambalaj.com.tr\/","name":"Kar Ambalaj","description":"","potentialAction":[{"@type":"SearchAction","target":{"@type":"EntryPoint","urlTemplate":"https:\/\/karambalaj.com.tr\/?s={search_term_string}"},"query-input":"required name=search_term_string"}],"inLanguage":"tr"}]}},"_links":{"self":[{"href":"https:\/\/karambalaj.com.tr\/index.php\/wp-json\/wp\/v2\/pages\/11046","targetHints":{"allow":["GET"]}}],"collection":[{"href":"https:\/\/karambalaj.com.tr\/index.php\/wp-json\/wp\/v2\/pages"}],"about":[{"href":"https:\/\/karambalaj.com.tr\/index.php\/wp-json\/wp\/v2\/types\/page"}],"author":[{"embeddable":true,"href":"https:\/\/karambalaj.com.tr\/index.php\/wp-json\/wp\/v2\/users\/1"}],"replies":[{"embeddable":true,"href":"https:\/\/karambalaj.com.tr\/index.php\/wp-json\/wp\/v2\/comments?post=11046"}],"version-history":[{"count":7,"href":"https:\/\/karambalaj.com.tr\/index.php\/wp-json\/wp\/v2\/pages\/11046\/revisions"}],"predecessor-version":[{"id":11320,"href":"https:\/\/karambalaj.com.tr\/index.php\/wp-json\/wp\/v2\/pages\/11046\/revisions\/11320"}],"wp:attachment":[{"href":"https:\/\/karambalaj.com.tr\/index.php\/wp-json\/wp\/v2\/media?parent=11046"}],"curies":[{"name":"wp","href":"https:\/\/api.w.org\/{rel}","templated":true}]}}