{"id":1397,"date":"2016-07-24T02:43:11","date_gmt":"2016-07-24T02:43:11","guid":{"rendered":"https:\/\/www.gavias-theme.com\/wp\/indutri\/?page_id=1397"},"modified":"2024-11-08T16:25:08","modified_gmt":"2024-11-08T13:25:08","slug":"sertifikalarimiz","status":"publish","type":"page","link":"https:\/\/karambalaj.com.tr\/index.php\/sertifikalarimiz\/","title":{"rendered":"Sertifikalar\u0131m\u0131z"},"content":{"rendered":"\t\t<div data-elementor-type=\"wp-post\" data-elementor-id=\"1397\" class=\"elementor elementor-1397\">\n\t\t\t\t\t\t\t\t\t<section class=\"elementor-section elementor-top-section elementor-element elementor-element-3c7b987 elementor-section-boxed elementor-section-height-default elementor-section-height-default\" data-id=\"3c7b987\" data-element_type=\"section\">\n\t\t\t\t\t\t<div class=\"elementor-container elementor-column-gap-default\">\n\t\t\t\t\t<div class=\"elementor-column elementor-col-50 elementor-top-column elementor-element elementor-element-b444087 top column-style-top\" data-id=\"b444087\" data-element_type=\"column\">\n\t\t\t<div class=\"elementor-widget-wrap elementor-element-populated\">\n\t\t\t\t\t\t\t\t<section class=\"elementor-section elementor-inner-section elementor-element elementor-element-9e4bf55 elementor-section-boxed elementor-section-height-default elementor-section-height-default\" data-id=\"9e4bf55\" data-element_type=\"section\">\n\t\t\t\t\t\t<div class=\"elementor-container elementor-column-gap-default\">\n\t\t\t\t\t<div class=\"elementor-column elementor-col-50 elementor-inner-column elementor-element elementor-element-2ce7b45 top column-style-top\" data-id=\"2ce7b45\" data-element_type=\"column\">\n\t\t\t<div class=\"elementor-widget-wrap elementor-element-populated\">\n\t\t\t\t\t\t\t\t<div class=\"elementor-element elementor-element-583f9da elementor-widget elementor-widget-gva-image-content\" data-id=\"583f9da\" data-element_type=\"widget\" data-widget_type=\"gva-image-content.default\">\n\t\t\t\t<div class=\"elementor-widget-container\">\n\t\t\t<div class=\"gva-element-gva-image-content gva-element\">      \r\n     \r\n    \r\n    \r\n\r\n   \r\n  <div class=\"gsc-image-content skin-v4 triangles_styleyes\">\r\n          <div class=\"image\">\r\n          <img loading=\"lazy\" decoding=\"async\" width=\"1811\" height=\"2560\" src=\"https:\/\/karambalaj.com.tr\/wp-content\/uploads\/2024\/05\/S-E-R-T-I-F-I-K-A-KAR-AMBALAJ-22000-JAS-2024-copy-scaled.jpg\" class=\"attachment-full size-full wp-image-11574\" alt=\"\" srcset=\"https:\/\/karambalaj.com.tr\/wp-content\/uploads\/2024\/05\/S-E-R-T-I-F-I-K-A-KAR-AMBALAJ-22000-JAS-2024-copy-scaled.jpg 1811w, https:\/\/karambalaj.com.tr\/wp-content\/uploads\/2024\/05\/S-E-R-T-I-F-I-K-A-KAR-AMBALAJ-22000-JAS-2024-copy-724x1024.jpg 724w, https:\/\/karambalaj.com.tr\/wp-content\/uploads\/2024\/05\/S-E-R-T-I-F-I-K-A-KAR-AMBALAJ-22000-JAS-2024-copy-768x1086.jpg 768w\" sizes=\"auto, (max-width: 1811px) 100vw, 1811px\" \/>      <\/div>\r\n        <div class=\"box-content\">\r\n               <h2 class=\"title\">\r\n            G\u0131da G\u00fcvenli\u011fi Y\u00f6netimi         <\/h2>\r\n            <div class=\"desc\"><\/div>\r\n          <\/div>  \r\n  <\/div>\r\n <\/div>\t\t<\/div>\n\t\t\t\t<\/div>\n\t\t\t\t\t<\/div>\n\t\t<\/div>\n\t\t\t\t<div class=\"elementor-column elementor-col-50 elementor-inner-column elementor-element elementor-element-077e4f6 top column-style-top\" data-id=\"077e4f6\" data-element_type=\"column\">\n\t\t\t<div class=\"elementor-widget-wrap elementor-element-populated\">\n\t\t\t\t\t\t\t\t<div class=\"elementor-element elementor-element-bb61ea8 elementor-widget elementor-widget-gva-image-content\" data-id=\"bb61ea8\" data-element_type=\"widget\" data-widget_type=\"gva-image-content.default\">\n\t\t\t\t<div class=\"elementor-widget-container\">\n\t\t\t<div class=\"gva-element-gva-image-content gva-element\">      \r\n     \r\n    \r\n    \r\n\r\n   \r\n  <div class=\"gsc-image-content skin-v4 triangles_styleyes\">\r\n          <div class=\"image\">\r\n          <img loading=\"lazy\" decoding=\"async\" width=\"1819\" height=\"2560\" src=\"https:\/\/karambalaj.com.tr\/wp-content\/uploads\/2024\/05\/S-E-R-T-I-F-I-K-A-KAR-AMBALAJ-9001-JAS-2024-copy-scaled.jpg\" class=\"attachment-full size-full wp-image-11575\" alt=\"\" srcset=\"https:\/\/karambalaj.com.tr\/wp-content\/uploads\/2024\/05\/S-E-R-T-I-F-I-K-A-KAR-AMBALAJ-9001-JAS-2024-copy-scaled.jpg 1819w, https:\/\/karambalaj.com.tr\/wp-content\/uploads\/2024\/05\/S-E-R-T-I-F-I-K-A-KAR-AMBALAJ-9001-JAS-2024-copy-728x1024.jpg 728w, https:\/\/karambalaj.com.tr\/wp-content\/uploads\/2024\/05\/S-E-R-T-I-F-I-K-A-KAR-AMBALAJ-9001-JAS-2024-copy-768x1081.jpg 768w\" sizes=\"auto, (max-width: 1819px) 100vw, 1819px\" \/>      <\/div>\r\n        <div class=\"box-content\">\r\n               <h2 class=\"title\">\r\n            Kalite Y\u00f6netimi         <\/h2>\r\n            <div class=\"desc\"><\/div>\r\n          <\/div>  \r\n  <\/div>\r\n <\/div>\t\t<\/div>\n\t\t\t\t<\/div>\n\t\t\t\t\t<\/div>\n\t\t<\/div>\n\t\t\t\t\t\t\t<\/div>\n\t\t<\/section>\n\t\t\t\t<section class=\"elementor-section elementor-inner-section elementor-element elementor-element-a838fdd elementor-section-boxed elementor-section-height-default elementor-section-height-default\" data-id=\"a838fdd\" data-element_type=\"section\">\n\t\t\t\t\t\t<div class=\"elementor-container elementor-column-gap-default\">\n\t\t\t\t\t<div class=\"elementor-column elementor-col-50 elementor-inner-column elementor-element elementor-element-b58c967 top column-style-top\" data-id=\"b58c967\" data-element_type=\"column\">\n\t\t\t<div class=\"elementor-widget-wrap elementor-element-populated\">\n\t\t\t\t\t\t\t\t<div class=\"elementor-element elementor-element-5b5ef48 elementor-widget elementor-widget-gva-image-content\" data-id=\"5b5ef48\" data-element_type=\"widget\" data-widget_type=\"gva-image-content.default\">\n\t\t\t\t<div class=\"elementor-widget-container\">\n\t\t\t<div class=\"gva-element-gva-image-content gva-element\"><\/div>\t\t<\/div>\n\t\t\t\t<\/div>\n\t\t\t\t\t<\/div>\n\t\t<\/div>\n\t\t\t\t<div class=\"elementor-column elementor-col-50 elementor-inner-column elementor-element elementor-element-b02472b top column-style-top\" data-id=\"b02472b\" data-element_type=\"column\">\n\t\t\t<div class=\"elementor-widget-wrap elementor-element-populated\">\n\t\t\t\t\t\t\t\t<div class=\"elementor-element elementor-element-7296d9b elementor-widget elementor-widget-gva-image-content\" data-id=\"7296d9b\" data-element_type=\"widget\" data-widget_type=\"gva-image-content.default\">\n\t\t\t\t<div class=\"elementor-widget-container\">\n\t\t\t<div class=\"gva-element-gva-image-content gva-element\">      \r\n     \r\n    \r\n    \r\n\r\n   \r\n  <div class=\"gsc-image-content skin-v4 triangles_styleyes\">\r\n          <div class=\"image\">\r\n          <img loading=\"lazy\" decoding=\"async\" width=\"1637\" height=\"2321\" src=\"https:\/\/karambalaj.com.tr\/wp-content\/uploads\/2024\/05\/GIDA-TARIM-ISLETME-KAYIT-BELGESI-copy.jpg\" class=\"attachment-full size-full wp-image-11577\" alt=\"\" srcset=\"https:\/\/karambalaj.com.tr\/wp-content\/uploads\/2024\/05\/GIDA-TARIM-ISLETME-KAYIT-BELGESI-copy.jpg 1637w, https:\/\/karambalaj.com.tr\/wp-content\/uploads\/2024\/05\/GIDA-TARIM-ISLETME-KAYIT-BELGESI-copy-722x1024.jpg 722w, https:\/\/karambalaj.com.tr\/wp-content\/uploads\/2024\/05\/GIDA-TARIM-ISLETME-KAYIT-BELGESI-copy-768x1089.jpg 768w\" sizes=\"auto, (max-width: 1637px) 100vw, 1637px\" \/>      <\/div>\r\n        <div class=\"box-content\">\r\n               <h2 class=\"title\">\r\n            Tar\u0131m ve Orman M\u00fcd\u00fcrl\u00fc\u011f\u00fc \u0130\u015fletme Kay\u0131t Belgesi         <\/h2>\r\n            <div class=\"desc\"><\/div>\r\n          <\/div>  \r\n  <\/div>\r\n <\/div>\t\t<\/div>\n\t\t\t\t<\/div>\n\t\t\t\t\t<\/div>\n\t\t<\/div>\n\t\t\t\t\t\t\t<\/div>\n\t\t<\/section>\n\t\t\t\t<section class=\"elementor-section elementor-inner-section elementor-element elementor-element-fedbdfc elementor-section-boxed elementor-section-height-default elementor-section-height-default\" data-id=\"fedbdfc\" data-element_type=\"section\">\n\t\t\t\t\t\t<div class=\"elementor-container elementor-column-gap-default\">\n\t\t\t\t\t<div class=\"elementor-column elementor-col-50 elementor-inner-column elementor-element elementor-element-52db1ce top column-style-top\" data-id=\"52db1ce\" data-element_type=\"column\">\n\t\t\t<div class=\"elementor-widget-wrap\">\n\t\t\t\t\t\t\t\t\t<\/div>\n\t\t<\/div>\n\t\t\t\t<div class=\"elementor-column elementor-col-50 elementor-inner-column elementor-element elementor-element-662e448 top column-style-top\" data-id=\"662e448\" data-element_type=\"column\">\n\t\t\t<div class=\"elementor-widget-wrap\">\n\t\t\t\t\t\t\t\t\t<\/div>\n\t\t<\/div>\n\t\t\t\t\t\t\t<\/div>\n\t\t<\/section>\n\t\t\t\t\t<\/div>\n\t\t<\/div>\n\t\t\t\t<div class=\"elementor-column elementor-col-50 elementor-top-column elementor-element elementor-element-ad6edbf top column-style-top\" data-id=\"ad6edbf\" data-element_type=\"column\">\n\t\t\t<div class=\"elementor-widget-wrap elementor-element-populated\">\n\t\t\t\t\t\t\t\t<div class=\"elementor-element elementor-element-9bb9ada wp-sidebar elementor-widget elementor-widget-sidebar\" data-id=\"9bb9ada\" data-element_type=\"widget\" data-widget_type=\"sidebar.default\">\n\t\t\t\t<div class=\"elementor-widget-container\">\n\t\t\t<aside id=\"nav_menu-3\" class=\"widget clearfix widget_nav_menu\"><h3 class=\"widget-title\"><span>Marka<\/span><\/h3><div class=\"menu-company-container\"><ul id=\"menu-company\" class=\"menu\"><li id=\"menu-item-10741\" class=\"menu-item menu-item-type-post_type menu-item-object-page menu-item-10741\"><a href=\"https:\/\/karambalaj.com.tr\/index.php\/sirkete-genel-bakis\/\">\u015eirkete Genel Bak\u0131\u015f<\/a><\/li>\n<li id=\"menu-item-10843\" class=\"menu-item menu-item-type-custom menu-item-object-custom menu-item-10843\"><a href=\"#\">Vizyon &#038; Misyon<\/a><\/li>\n<li id=\"menu-item-10743\" class=\"menu-item menu-item-type-post_type menu-item-object-page menu-item-10743\"><a href=\"https:\/\/karambalaj.com.tr\/index.php\/kariyer\/\">Kariyer<\/a><\/li>\n<li id=\"menu-item-11331\" class=\"menu-item menu-item-type-custom menu-item-object-custom menu-item-11331\"><a href=\"https:\/\/karambalaj.com.tr\/index.php\/haberler\/\">Etkinlikler<\/a><\/li>\n<li id=\"menu-item-10744\" class=\"menu-item menu-item-type-post_type menu-item-object-page menu-item-10744\"><a href=\"https:\/\/karambalaj.com.tr\/index.php\/sertifikalarimiz\/\">Sertifikalar\u0131m\u0131z<\/a><\/li>\n<\/ul><\/div><\/aside>\t\t<\/div>\n\t\t\t\t<\/div>\n\t\t\t\t\t<\/div>\n\t\t<\/div>\n\t\t\t\t\t\t\t<\/div>\n\t\t<\/section>\n\t\t\t\t\t\t\t<\/div>\n\t\t","protected":false},"excerpt":{"rendered":"<p>G\u0131da G\u00fcvenli\u011fi Y\u00f6netimi Kalite Y\u00f6netimi Tar\u0131m ve Orman M\u00fcd\u00fcrl\u00fc\u011f\u00fc \u0130\u015fletme Kay\u0131t Belgesi<\/p>\n","protected":false},"author":1,"featured_media":10858,"parent":0,"menu_order":0,"comment_status":"closed","ping_status":"closed","template":"","meta":{"footnotes":""},"class_list":["post-1397","page","type-page","status-publish","has-post-thumbnail","hentry"],"yoast_head":"<!-- This site is optimized with the Yoast SEO plugin v21.3 - https:\/\/yoast.com\/wordpress\/plugins\/seo\/ -->\n<title>Sertifikalar\u0131m\u0131z - Kar Ambalaj<\/title>\n<meta name=\"robots\" content=\"index, follow, max-snippet:-1, max-image-preview:large, max-video-preview:-1\" \/>\n<link rel=\"canonical\" href=\"https:\/\/karambalaj.com.tr\/index.php\/sertifikalarimiz\/\" \/>\n<meta property=\"og:locale\" content=\"tr_TR\" \/>\n<meta property=\"og:type\" content=\"article\" \/>\n<meta property=\"og:title\" content=\"Sertifikalar\u0131m\u0131z - Kar Ambalaj\" \/>\n<meta property=\"og:description\" content=\"G\u0131da G\u00fcvenli\u011fi Y\u00f6netimi Kalite Y\u00f6netimi Tar\u0131m ve Orman M\u00fcd\u00fcrl\u00fc\u011f\u00fc \u0130\u015fletme Kay\u0131t Belgesi\" \/>\n<meta property=\"og:url\" content=\"https:\/\/karambalaj.com.tr\/index.php\/sertifikalarimiz\/\" \/>\n<meta property=\"og:site_name\" content=\"Kar Ambalaj\" \/>\n<meta property=\"article:modified_time\" content=\"2024-11-08T13:25:08+00:00\" \/>\n<meta property=\"og:image\" content=\"https:\/\/karambalaj.com.tr\/wp-content\/uploads\/2023\/03\/SERTIFIKA2.jpg\" \/>\n\t<meta property=\"og:image:width\" content=\"1200\" \/>\n\t<meta property=\"og:image:height\" content=\"1689\" \/>\n\t<meta property=\"og:image:type\" content=\"image\/jpeg\" \/>\n<meta name=\"twitter:card\" content=\"summary_large_image\" \/>\n<meta name=\"twitter:label1\" content=\"Tahmini okuma s\u00fcresi\" \/>\n\t<meta name=\"twitter:data1\" content=\"1 dakika\" \/>\n<script type=\"application\/ld+json\" class=\"yoast-schema-graph\">{\"@context\":\"https:\/\/schema.org\",\"@graph\":[{\"@type\":\"WebPage\",\"@id\":\"https:\/\/karambalaj.com.tr\/index.php\/sertifikalarimiz\/\",\"url\":\"https:\/\/karambalaj.com.tr\/index.php\/sertifikalarimiz\/\",\"name\":\"Sertifikalar\u0131m\u0131z - Kar Ambalaj\",\"isPartOf\":{\"@id\":\"https:\/\/karambalaj.com.tr\/#website\"},\"datePublished\":\"2016-07-24T02:43:11+00:00\",\"dateModified\":\"2024-11-08T13:25:08+00:00\",\"breadcrumb\":{\"@id\":\"https:\/\/karambalaj.com.tr\/index.php\/sertifikalarimiz\/#breadcrumb\"},\"inLanguage\":\"tr\",\"potentialAction\":[{\"@type\":\"ReadAction\",\"target\":[\"https:\/\/karambalaj.com.tr\/index.php\/sertifikalarimiz\/\"]}]},{\"@type\":\"BreadcrumbList\",\"@id\":\"https:\/\/karambalaj.com.tr\/index.php\/sertifikalarimiz\/#breadcrumb\",\"itemListElement\":[{\"@type\":\"ListItem\",\"position\":1,\"name\":\"Anasayfa\",\"item\":\"https:\/\/karambalaj.com.tr\/\"},{\"@type\":\"ListItem\",\"position\":2,\"name\":\"Sertifikalar\u0131m\u0131z\"}]},{\"@type\":\"WebSite\",\"@id\":\"https:\/\/karambalaj.com.tr\/#website\",\"url\":\"https:\/\/karambalaj.com.tr\/\",\"name\":\"Kar Ambalaj\",\"description\":\"\",\"potentialAction\":[{\"@type\":\"SearchAction\",\"target\":{\"@type\":\"EntryPoint\",\"urlTemplate\":\"https:\/\/karambalaj.com.tr\/?s={search_term_string}\"},\"query-input\":\"required name=search_term_string\"}],\"inLanguage\":\"tr\"}]}<\/script>\n<!-- \/ Yoast SEO plugin. -->","yoast_head_json":{"title":"Sertifikalar\u0131m\u0131z - Kar Ambalaj","robots":{"index":"index","follow":"follow","max-snippet":"max-snippet:-1","max-image-preview":"max-image-preview:large","max-video-preview":"max-video-preview:-1"},"canonical":"https:\/\/karambalaj.com.tr\/index.php\/sertifikalarimiz\/","og_locale":"tr_TR","og_type":"article","og_title":"Sertifikalar\u0131m\u0131z - Kar Ambalaj","og_description":"G\u0131da G\u00fcvenli\u011fi Y\u00f6netimi Kalite Y\u00f6netimi Tar\u0131m ve Orman M\u00fcd\u00fcrl\u00fc\u011f\u00fc \u0130\u015fletme Kay\u0131t Belgesi","og_url":"https:\/\/karambalaj.com.tr\/index.php\/sertifikalarimiz\/","og_site_name":"Kar Ambalaj","article_modified_time":"2024-11-08T13:25:08+00:00","og_image":[{"width":1200,"height":1689,"url":"https:\/\/karambalaj.com.tr\/wp-content\/uploads\/2023\/03\/SERTIFIKA2.jpg","type":"image\/jpeg"}],"twitter_card":"summary_large_image","twitter_misc":{"Tahmini okuma s\u00fcresi":"1 dakika"},"schema":{"@context":"https:\/\/schema.org","@graph":[{"@type":"WebPage","@id":"https:\/\/karambalaj.com.tr\/index.php\/sertifikalarimiz\/","url":"https:\/\/karambalaj.com.tr\/index.php\/sertifikalarimiz\/","name":"Sertifikalar\u0131m\u0131z - Kar Ambalaj","isPartOf":{"@id":"https:\/\/karambalaj.com.tr\/#website"},"datePublished":"2016-07-24T02:43:11+00:00","dateModified":"2024-11-08T13:25:08+00:00","breadcrumb":{"@id":"https:\/\/karambalaj.com.tr\/index.php\/sertifikalarimiz\/#breadcrumb"},"inLanguage":"tr","potentialAction":[{"@type":"ReadAction","target":["https:\/\/karambalaj.com.tr\/index.php\/sertifikalarimiz\/"]}]},{"@type":"BreadcrumbList","@id":"https:\/\/karambalaj.com.tr\/index.php\/sertifikalarimiz\/#breadcrumb","itemListElement":[{"@type":"ListItem","position":1,"name":"Anasayfa","item":"https:\/\/karambalaj.com.tr\/"},{"@type":"ListItem","position":2,"name":"Sertifikalar\u0131m\u0131z"}]},{"@type":"WebSite","@id":"https:\/\/karambalaj.com.tr\/#website","url":"https:\/\/karambalaj.com.tr\/","name":"Kar Ambalaj","description":"","potentialAction":[{"@type":"SearchAction","target":{"@type":"EntryPoint","urlTemplate":"https:\/\/karambalaj.com.tr\/?s={search_term_string}"},"query-input":"required name=search_term_string"}],"inLanguage":"tr"}]}},"_links":{"self":[{"href":"https:\/\/karambalaj.com.tr\/index.php\/wp-json\/wp\/v2\/pages\/1397","targetHints":{"allow":["GET"]}}],"collection":[{"href":"https:\/\/karambalaj.com.tr\/index.php\/wp-json\/wp\/v2\/pages"}],"about":[{"href":"https:\/\/karambalaj.com.tr\/index.php\/wp-json\/wp\/v2\/types\/page"}],"author":[{"embeddable":true,"href":"https:\/\/karambalaj.com.tr\/index.php\/wp-json\/wp\/v2\/users\/1"}],"replies":[{"embeddable":true,"href":"https:\/\/karambalaj.com.tr\/index.php\/wp-json\/wp\/v2\/comments?post=1397"}],"version-history":[{"count":17,"href":"https:\/\/karambalaj.com.tr\/index.php\/wp-json\/wp\/v2\/pages\/1397\/revisions"}],"predecessor-version":[{"id":11599,"href":"https:\/\/karambalaj.com.tr\/index.php\/wp-json\/wp\/v2\/pages\/1397\/revisions\/11599"}],"wp:featuredmedia":[{"embeddable":true,"href":"https:\/\/karambalaj.com.tr\/index.php\/wp-json\/wp\/v2\/media\/10858"}],"wp:attachment":[{"href":"https:\/\/karambalaj.com.tr\/index.php\/wp-json\/wp\/v2\/media?parent=1397"}],"curies":[{"name":"wp","href":"https:\/\/api.w.org\/{rel}","templated":true}]}}