{"id":612,"date":"2016-03-07T03:11:04","date_gmt":"2016-03-07T03:11:04","guid":{"rendered":"https:\/\/www.gavias-theme.com\/wp\/indutri\/?page_id=612"},"modified":"2023-07-19T12:04:31","modified_gmt":"2023-07-19T09:04:31","slug":"kalite","status":"publish","type":"page","link":"https:\/\/karambalaj.com.tr\/index.php\/kalite\/","title":{"rendered":"Kalite"},"content":{"rendered":"\t\t<div data-elementor-type=\"wp-post\" data-elementor-id=\"612\" class=\"elementor elementor-612\">\n\t\t\t\t\t\t\t\t\t<section class=\"elementor-section elementor-top-section elementor-element elementor-element-1279549a elementor-section-boxed elementor-section-height-default elementor-section-height-default\" data-id=\"1279549a\" data-element_type=\"section\">\n\t\t\t\t\t\t<div class=\"elementor-container elementor-column-gap-default\">\n\t\t\t\t\t<div class=\"elementor-column elementor-col-50 elementor-top-column elementor-element elementor-element-2d41672 top column-style-top\" data-id=\"2d41672\" data-element_type=\"column\">\n\t\t\t<div class=\"elementor-widget-wrap elementor-element-populated\">\n\t\t\t\t\t\t\t\t<section class=\"elementor-section elementor-inner-section elementor-element elementor-element-3054b3dc elementor-section-boxed elementor-section-height-default elementor-section-height-default\" data-id=\"3054b3dc\" data-element_type=\"section\">\n\t\t\t\t\t\t<div class=\"elementor-container elementor-column-gap-default\">\n\t\t\t\t\t<div class=\"elementor-column elementor-col-100 elementor-inner-column elementor-element elementor-element-61306f8a top column-style-top\" data-id=\"61306f8a\" data-element_type=\"column\">\n\t\t\t<div class=\"elementor-widget-wrap elementor-element-populated\">\n\t\t\t\t\t\t\t\t<div class=\"elementor-element elementor-element-57ad4f9c elementor-widget elementor-widget-gva-heading-block\" data-id=\"57ad4f9c\" data-element_type=\"widget\" data-widget_type=\"gva-heading-block.default\">\n\t\t\t\t<div class=\"elementor-widget-container\">\n\t\t\t<div class=\"gva-element-gva-heading-block gva-element\">   <div class=\"align-left style-1 widget gsc-heading box-align-left\">\r\n      <div class=\"content-inner\">\r\n         \r\n                  \r\n           \r\n         \r\n                     <h2 class=\"title\">\r\n               <span>Kalite Politikas\u0131<\/span>\r\n            <\/h2>\r\n                              <div class=\"title-desc\">M\u00fc\u015fteri memnuniyeti temel olan bir yakla\u015f\u0131m ve kalite anlay\u0131\u015f\u0131n\u0131 benimsemi\u015f deneyimli, tak\u0131m ruhuna sahip personelimiz ile sekt\u00f6rel de\u011fi\u015fimleri, teknolojik geli\u015fimleri  ve de\u011fi\u015fen m\u00fc\u015fteri taleplerini s\u00fcrekli takip edip b\u00fcnyemize adapte ederek, hizmetlerimizin s\u00fcrekli iyile\u015ftirilmesinin sa\u011flanmas\u0131 ve m\u00fc\u015fterilerimize en iyi hizmeti sunulmas\u0131 \u00f6ncelikli hedefimizdir.\nAyr\u0131ca;\n\u2022\tM\u00fc\u015fterinin de\u011fi\u015fen taleplerinin zaman\u0131nda tespit edilmesi, taleplere h\u0131zl\u0131 yan\u0131t verilmesi, zaman\u0131nda sevkiyat yap\u0131lmas\u0131, kaliteli \u00fcr\u00fcn ve rekabet edilebilir fiyat sunulmas\u0131,\n\u2022\tM\u00fc\u015fteri tatminini s\u00fcrekli k\u0131labilmek ad\u0131na y\u00fcksek teknolojinin takip edilmesi ve etkin kullan\u0131m\u0131,\n\u2022\tKaliteden t\u00fcm personelin sorumlu olmas\u0131 anlay\u0131\u015f\u0131n\u0131n benimsenmesi ve bu nedenle t\u00fcm personele kalite bilincinin yerle\u015ftirilmesi, bilgi ve becerilerini geli\u015ftirecek e\u011fitimlerin sa\u011flanmas\u0131, uyum ve yarat\u0131c\u0131l\u0131\u011f\u0131n te\u015fvik edilmesi,\n\u2022\tPersonelin mutlulu\u011funun ve motivasyonunun sa\u011flanmas\u0131,\n\u2022\tSistemde tan\u0131mlanan s\u00fcre\u00e7lerin performans g\u00f6stergelerine dayal\u0131 \u00f6l\u00e7\u00fclebilir, kalite hedeflerinin de\u011ferlendirilmesi yoluyla sistemin s\u00fcrekli iyile\u015ftirilmesi, uygulanabilir \u015fartlar\u0131 da dikkate alarak kalite anlay\u0131\u015f\u0131n\u0131n benimsenmesi\nkalite politikam\u0131zd\u0131r.\nBu do\u011frultuda KAR AMBALAJ olarak kalite hedeflerimizi belirleyece\u011fimizi, hedeflerimizi s\u00fcrekli g\u00f6zden ge\u00e7irece\u011fimizi ve bu politikam\u0131z\u0131 t\u00fcm \u00e7al\u0131\u015fanlar\u0131m\u0131z aras\u0131nda yayg\u0131nla\u015ft\u0131raca\u011f\u0131m\u0131z\u0131 taahh\u00fct ederiz.  \n<\/div>\r\n         \r\n         \r\n      <\/div>\r\n   <\/div>\r\n   <div class=\"clearfix\"><\/div>\r\n<\/div>\t\t<\/div>\n\t\t\t\t<\/div>\n\t\t\t\t\t<\/div>\n\t\t<\/div>\n\t\t\t\t\t\t\t<\/div>\n\t\t<\/section>\n\t\t\t\t\t<\/div>\n\t\t<\/div>\n\t\t\t\t<div class=\"elementor-column elementor-col-50 elementor-top-column elementor-element elementor-element-47c5cee9 top column-style-top\" data-id=\"47c5cee9\" data-element_type=\"column\">\n\t\t\t<div class=\"elementor-widget-wrap elementor-element-populated\">\n\t\t\t\t\t\t\t\t<div class=\"elementor-element elementor-element-3b7c8567 arrow-top-left elementor-widget__width-auto elementor-widget elementor-widget-image\" data-id=\"3b7c8567\" data-element_type=\"widget\" data-widget_type=\"image.default\">\n\t\t\t\t<div class=\"elementor-widget-container\">\n\t\t\t<style>\/*! elementor - v3.10.1 - 17-01-2023 *\/\n.elementor-widget-image{text-align:center}.elementor-widget-image a{display:inline-block}.elementor-widget-image a img[src$=\".svg\"]{width:48px}.elementor-widget-image img{vertical-align:middle;display:inline-block}<\/style>\t\t\t\t\t\t\t\t\t\t\t\t<img loading=\"lazy\" decoding=\"async\" width=\"639\" height=\"958\" src=\"https:\/\/karambalaj.com.tr\/wp-content\/uploads\/2023\/03\/karambalaj.png\" class=\"attachment-full size-full wp-image-10901\" alt=\"\" srcset=\"https:\/\/karambalaj.com.tr\/wp-content\/uploads\/2023\/03\/karambalaj.png 639w, https:\/\/karambalaj.com.tr\/wp-content\/uploads\/2023\/03\/karambalaj-600x900.png 600w\" sizes=\"auto, (max-width: 639px) 100vw, 639px\" \/>\t\t\t\t\t\t\t\t\t\t\t\t\t\t\t<\/div>\n\t\t\t\t<\/div>\n\t\t\t\t\t<\/div>\n\t\t<\/div>\n\t\t\t\t\t\t\t<\/div>\n\t\t<\/section>\n\t\t\t\t<section class=\"elementor-section elementor-top-section elementor-element elementor-element-485fba25 elementor-section-boxed elementor-section-height-default elementor-section-height-default\" data-id=\"485fba25\" data-element_type=\"section\">\n\t\t\t\t\t\t<div class=\"elementor-container elementor-column-gap-default\">\n\t\t\t\t\t<div class=\"elementor-column elementor-col-100 elementor-top-column elementor-element elementor-element-55f03f50 column-style-top\" data-id=\"55f03f50\" data-element_type=\"column\" data-settings=\"{&quot;background_background&quot;:&quot;classic&quot;}\">\n\t\t\t<div class=\"elementor-widget-wrap elementor-element-populated\">\n\t\t\t\t\t\t\t\t<section class=\"elementor-section elementor-inner-section elementor-element elementor-element-5d7c6549 elementor-section-boxed elementor-section-height-default elementor-section-height-default\" data-id=\"5d7c6549\" data-element_type=\"section\">\n\t\t\t\t\t\t<div class=\"elementor-container elementor-column-gap-default\">\n\t\t\t\t\t<div class=\"elementor-column elementor-col-33 elementor-inner-column elementor-element elementor-element-b38a84a top column-style-top\" data-id=\"b38a84a\" data-element_type=\"column\">\n\t\t\t<div class=\"elementor-widget-wrap elementor-element-populated\">\n\t\t\t\t\t\t\t\t<div class=\"elementor-element elementor-element-20c6fe9a elementor-widget elementor-widget-gva-counter\" data-id=\"20c6fe9a\" data-element_type=\"widget\" data-widget_type=\"gva-counter.default\">\n\t\t\t\t<div class=\"elementor-widget-container\">\n\t\t\t<div class=\"gva-element-gva-counter gva-element\">\r\n         <div class=\"widget milestone-block style-1\">\r\n         <div class=\"box-content\">\r\n            \r\n            <div class=\"milestone-content\">\r\n               <div class=\"milestone-number-inner\">\r\n                                    <span class=\"milestone-number\">140<\/span>\r\n                                 <\/div>\r\n                                 <div class=\"milestone-text\">\r\n                      \u00c7al\u0131\u015fan                  <\/div>\r\n                           <\/div>\r\n         <\/div>   \r\n      <\/div> \r\n   \r\n<\/div>\t\t<\/div>\n\t\t\t\t<\/div>\n\t\t\t\t\t<\/div>\n\t\t<\/div>\n\t\t\t\t<div class=\"elementor-column elementor-col-33 elementor-inner-column elementor-element elementor-element-58434b13 top column-style-top\" data-id=\"58434b13\" data-element_type=\"column\">\n\t\t\t<div class=\"elementor-widget-wrap elementor-element-populated\">\n\t\t\t\t\t\t\t\t<div class=\"elementor-element elementor-element-74075a91 elementor-widget elementor-widget-gva-counter\" data-id=\"74075a91\" data-element_type=\"widget\" data-widget_type=\"gva-counter.default\">\n\t\t\t\t<div class=\"elementor-widget-container\">\n\t\t\t<div class=\"gva-element-gva-counter gva-element\">\r\n         <div class=\"widget milestone-block style-1\">\r\n         <div class=\"box-content\">\r\n            \r\n            <div class=\"milestone-content\">\r\n               <div class=\"milestone-number-inner\">\r\n                                    <span class=\"milestone-number\">7000<\/span>\r\n                  <span class=\"symbol after\"> m2<\/span>               <\/div>\r\n                                 <div class=\"milestone-text\">\r\n                      \u00dcretim Alan\u0131                  <\/div>\r\n                           <\/div>\r\n         <\/div>   \r\n      <\/div> \r\n   \r\n<\/div>\t\t<\/div>\n\t\t\t\t<\/div>\n\t\t\t\t\t<\/div>\n\t\t<\/div>\n\t\t\t\t<div class=\"elementor-column elementor-col-33 elementor-inner-column elementor-element elementor-element-6daa7f6a top column-style-top\" data-id=\"6daa7f6a\" data-element_type=\"column\">\n\t\t\t<div class=\"elementor-widget-wrap elementor-element-populated\">\n\t\t\t\t\t\t\t\t<div class=\"elementor-element elementor-element-7aaf9d8c elementor-widget elementor-widget-gva-counter\" data-id=\"7aaf9d8c\" data-element_type=\"widget\" data-widget_type=\"gva-counter.default\">\n\t\t\t\t<div class=\"elementor-widget-container\">\n\t\t\t<div class=\"gva-element-gva-counter gva-element\">\r\n         <div class=\"widget milestone-block style-1\">\r\n         <div class=\"box-content\">\r\n            \r\n            <div class=\"milestone-content\">\r\n               <div class=\"milestone-number-inner\">\r\n                                    <span class=\"milestone-number\">12000<\/span>\r\n                  <span class=\"symbol after\"> Ton<\/span>               <\/div>\r\n                                 <div class=\"milestone-text\">\r\n                      \u00dcretim Kapasitesi                  <\/div>\r\n                           <\/div>\r\n         <\/div>   \r\n      <\/div> \r\n   \r\n<\/div>\t\t<\/div>\n\t\t\t\t<\/div>\n\t\t\t\t\t<\/div>\n\t\t<\/div>\n\t\t\t\t\t\t\t<\/div>\n\t\t<\/section>\n\t\t\t\t\t<\/div>\n\t\t<\/div>\n\t\t\t\t\t\t\t<\/div>\n\t\t<\/section>\n\t\t\t\t<section class=\"elementor-section elementor-top-section elementor-element elementor-element-12d19a34 elementor-section-full_width row-client-full elementor-section-height-default elementor-section-height-default\" data-id=\"12d19a34\" data-element_type=\"section\" data-settings=\"{&quot;background_background&quot;:&quot;classic&quot;}\">\n\t\t\t\t\t\t<div class=\"elementor-container elementor-column-gap-default\">\n\t\t\t\t\t<div class=\"elementor-column elementor-col-100 elementor-top-column elementor-element elementor-element-79997547 top column-style-top\" data-id=\"79997547\" data-element_type=\"column\">\n\t\t\t<div class=\"elementor-widget-wrap\">\n\t\t\t\t\t\t\t\t\t<\/div>\n\t\t<\/div>\n\t\t\t\t\t\t\t<\/div>\n\t\t<\/section>\n\t\t\t\t\t\t\t<\/div>\n\t\t","protected":false},"excerpt":{"rendered":"<p>Kalite Politikas\u0131 M\u00fc\u015fteri memnuniyeti temel olan bir yakla\u015f\u0131m ve kalite anlay\u0131\u015f\u0131n\u0131 benimsemi\u015f deneyimli, tak\u0131m ruhuna sahip personelimiz ile sekt\u00f6rel de\u011fi\u015fimleri, teknolojik geli\u015fimleri ve de\u011fi\u015fen m\u00fc\u015fteri taleplerini s\u00fcrekli takip edip b\u00fcnyemize adapte ederek, hizmetlerimizin s\u00fcrekli iyile\u015ftirilmesinin sa\u011flanmas\u0131 ve m\u00fc\u015fterilerimize en iyi hizmeti sunulmas\u0131 \u00f6ncelikli hedefimizdir. Ayr\u0131ca; \u2022 M\u00fc\u015fterinin de\u011fi\u015fen taleplerinin zaman\u0131nda tespit edilmesi, taleplere h\u0131zl\u0131 yan\u0131t [&hellip;]<\/p>\n","protected":false},"author":1,"featured_media":0,"parent":0,"menu_order":0,"comment_status":"closed","ping_status":"closed","template":"","meta":{"footnotes":""},"class_list":["post-612","page","type-page","status-publish","hentry"],"yoast_head":"<!-- This site is optimized with the Yoast SEO plugin v21.3 - https:\/\/yoast.com\/wordpress\/plugins\/seo\/ -->\n<title>Kalite - Kar Ambalaj<\/title>\n<meta name=\"robots\" content=\"index, follow, max-snippet:-1, max-image-preview:large, max-video-preview:-1\" \/>\n<link rel=\"canonical\" href=\"https:\/\/karambalaj.com.tr\/index.php\/kalite\/\" \/>\n<meta property=\"og:locale\" content=\"tr_TR\" \/>\n<meta property=\"og:type\" content=\"article\" \/>\n<meta property=\"og:title\" content=\"Kalite - Kar Ambalaj\" \/>\n<meta property=\"og:description\" content=\"Kalite Politikas\u0131 M\u00fc\u015fteri memnuniyeti temel olan bir yakla\u015f\u0131m ve kalite anlay\u0131\u015f\u0131n\u0131 benimsemi\u015f deneyimli, tak\u0131m ruhuna sahip personelimiz ile sekt\u00f6rel de\u011fi\u015fimleri, teknolojik geli\u015fimleri ve de\u011fi\u015fen m\u00fc\u015fteri taleplerini s\u00fcrekli takip edip b\u00fcnyemize adapte ederek, hizmetlerimizin s\u00fcrekli iyile\u015ftirilmesinin sa\u011flanmas\u0131 ve m\u00fc\u015fterilerimize en iyi hizmeti sunulmas\u0131 \u00f6ncelikli hedefimizdir. Ayr\u0131ca; \u2022 M\u00fc\u015fterinin de\u011fi\u015fen taleplerinin zaman\u0131nda tespit edilmesi, taleplere h\u0131zl\u0131 yan\u0131t [&hellip;]\" \/>\n<meta property=\"og:url\" content=\"https:\/\/karambalaj.com.tr\/index.php\/kalite\/\" \/>\n<meta property=\"og:site_name\" content=\"Kar Ambalaj\" \/>\n<meta property=\"article:modified_time\" content=\"2023-07-19T09:04:31+00:00\" \/>\n<meta property=\"og:image\" content=\"https:\/\/karambalaj.com.tr\/wp-content\/uploads\/2023\/03\/karambalaj.png\" \/>\n<meta name=\"twitter:card\" content=\"summary_large_image\" \/>\n<meta name=\"twitter:label1\" content=\"Tahmini okuma s\u00fcresi\" \/>\n\t<meta name=\"twitter:data1\" content=\"1 dakika\" \/>\n<script type=\"application\/ld+json\" class=\"yoast-schema-graph\">{\"@context\":\"https:\/\/schema.org\",\"@graph\":[{\"@type\":\"WebPage\",\"@id\":\"https:\/\/karambalaj.com.tr\/index.php\/kalite\/\",\"url\":\"https:\/\/karambalaj.com.tr\/index.php\/kalite\/\",\"name\":\"Kalite - Kar Ambalaj\",\"isPartOf\":{\"@id\":\"https:\/\/karambalaj.com.tr\/#website\"},\"datePublished\":\"2016-03-07T03:11:04+00:00\",\"dateModified\":\"2023-07-19T09:04:31+00:00\",\"breadcrumb\":{\"@id\":\"https:\/\/karambalaj.com.tr\/index.php\/kalite\/#breadcrumb\"},\"inLanguage\":\"tr\",\"potentialAction\":[{\"@type\":\"ReadAction\",\"target\":[\"https:\/\/karambalaj.com.tr\/index.php\/kalite\/\"]}]},{\"@type\":\"BreadcrumbList\",\"@id\":\"https:\/\/karambalaj.com.tr\/index.php\/kalite\/#breadcrumb\",\"itemListElement\":[{\"@type\":\"ListItem\",\"position\":1,\"name\":\"Anasayfa\",\"item\":\"https:\/\/karambalaj.com.tr\/\"},{\"@type\":\"ListItem\",\"position\":2,\"name\":\"Kalite\"}]},{\"@type\":\"WebSite\",\"@id\":\"https:\/\/karambalaj.com.tr\/#website\",\"url\":\"https:\/\/karambalaj.com.tr\/\",\"name\":\"Kar Ambalaj\",\"description\":\"\",\"potentialAction\":[{\"@type\":\"SearchAction\",\"target\":{\"@type\":\"EntryPoint\",\"urlTemplate\":\"https:\/\/karambalaj.com.tr\/?s={search_term_string}\"},\"query-input\":\"required name=search_term_string\"}],\"inLanguage\":\"tr\"}]}<\/script>\n<!-- \/ Yoast SEO plugin. -->","yoast_head_json":{"title":"Kalite - Kar Ambalaj","robots":{"index":"index","follow":"follow","max-snippet":"max-snippet:-1","max-image-preview":"max-image-preview:large","max-video-preview":"max-video-preview:-1"},"canonical":"https:\/\/karambalaj.com.tr\/index.php\/kalite\/","og_locale":"tr_TR","og_type":"article","og_title":"Kalite - Kar Ambalaj","og_description":"Kalite Politikas\u0131 M\u00fc\u015fteri memnuniyeti temel olan bir yakla\u015f\u0131m ve kalite anlay\u0131\u015f\u0131n\u0131 benimsemi\u015f deneyimli, tak\u0131m ruhuna sahip personelimiz ile sekt\u00f6rel de\u011fi\u015fimleri, teknolojik geli\u015fimleri ve de\u011fi\u015fen m\u00fc\u015fteri taleplerini s\u00fcrekli takip edip b\u00fcnyemize adapte ederek, hizmetlerimizin s\u00fcrekli iyile\u015ftirilmesinin sa\u011flanmas\u0131 ve m\u00fc\u015fterilerimize en iyi hizmeti sunulmas\u0131 \u00f6ncelikli hedefimizdir. Ayr\u0131ca; \u2022 M\u00fc\u015fterinin de\u011fi\u015fen taleplerinin zaman\u0131nda tespit edilmesi, taleplere h\u0131zl\u0131 yan\u0131t [&hellip;]","og_url":"https:\/\/karambalaj.com.tr\/index.php\/kalite\/","og_site_name":"Kar Ambalaj","article_modified_time":"2023-07-19T09:04:31+00:00","og_image":[{"url":"https:\/\/karambalaj.com.tr\/wp-content\/uploads\/2023\/03\/karambalaj.png"}],"twitter_card":"summary_large_image","twitter_misc":{"Tahmini okuma s\u00fcresi":"1 dakika"},"schema":{"@context":"https:\/\/schema.org","@graph":[{"@type":"WebPage","@id":"https:\/\/karambalaj.com.tr\/index.php\/kalite\/","url":"https:\/\/karambalaj.com.tr\/index.php\/kalite\/","name":"Kalite - Kar Ambalaj","isPartOf":{"@id":"https:\/\/karambalaj.com.tr\/#website"},"datePublished":"2016-03-07T03:11:04+00:00","dateModified":"2023-07-19T09:04:31+00:00","breadcrumb":{"@id":"https:\/\/karambalaj.com.tr\/index.php\/kalite\/#breadcrumb"},"inLanguage":"tr","potentialAction":[{"@type":"ReadAction","target":["https:\/\/karambalaj.com.tr\/index.php\/kalite\/"]}]},{"@type":"BreadcrumbList","@id":"https:\/\/karambalaj.com.tr\/index.php\/kalite\/#breadcrumb","itemListElement":[{"@type":"ListItem","position":1,"name":"Anasayfa","item":"https:\/\/karambalaj.com.tr\/"},{"@type":"ListItem","position":2,"name":"Kalite"}]},{"@type":"WebSite","@id":"https:\/\/karambalaj.com.tr\/#website","url":"https:\/\/karambalaj.com.tr\/","name":"Kar Ambalaj","description":"","potentialAction":[{"@type":"SearchAction","target":{"@type":"EntryPoint","urlTemplate":"https:\/\/karambalaj.com.tr\/?s={search_term_string}"},"query-input":"required name=search_term_string"}],"inLanguage":"tr"}]}},"_links":{"self":[{"href":"https:\/\/karambalaj.com.tr\/index.php\/wp-json\/wp\/v2\/pages\/612","targetHints":{"allow":["GET"]}}],"collection":[{"href":"https:\/\/karambalaj.com.tr\/index.php\/wp-json\/wp\/v2\/pages"}],"about":[{"href":"https:\/\/karambalaj.com.tr\/index.php\/wp-json\/wp\/v2\/types\/page"}],"author":[{"embeddable":true,"href":"https:\/\/karambalaj.com.tr\/index.php\/wp-json\/wp\/v2\/users\/1"}],"replies":[{"embeddable":true,"href":"https:\/\/karambalaj.com.tr\/index.php\/wp-json\/wp\/v2\/comments?post=612"}],"version-history":[{"count":14,"href":"https:\/\/karambalaj.com.tr\/index.php\/wp-json\/wp\/v2\/pages\/612\/revisions"}],"predecessor-version":[{"id":11324,"href":"https:\/\/karambalaj.com.tr\/index.php\/wp-json\/wp\/v2\/pages\/612\/revisions\/11324"}],"wp:attachment":[{"href":"https:\/\/karambalaj.com.tr\/index.php\/wp-json\/wp\/v2\/media?parent=612"}],"curies":[{"name":"wp","href":"https:\/\/api.w.org\/{rel}","templated":true}]}}